{"id":1939,"date":"2022-09-09T15:05:19","date_gmt":"2022-09-09T15:05:19","guid":{"rendered":"https:\/\/maternelleeveil.com\/?page_id=1939"},"modified":"2026-03-14T19:04:10","modified_gmt":"2026-03-14T19:04:10","slug":"activites-extra-scolaires","status":"publish","type":"page","link":"https:\/\/maternelleeveil.com\/en\/activites-extra-scolaires\/","title":{"rendered":"Extra-curricular Activities and Daycare"},"content":{"rendered":"<div data-elementor-type=\"wp-page\" data-elementor-id=\"1939\" class=\"elementor elementor-1939\" data-elementor-post-type=\"page\">\n\t\t\t\t\t\t<section class=\"elementor-section elementor-top-section elementor-element elementor-element-adc01e5 elementor-section-boxed elementor-section-height-default elementor-section-height-default\" data-id=\"adc01e5\" data-element_type=\"section\" data-e-type=\"section\" data-settings=\"{&quot;background_background&quot;:&quot;classic&quot;}\">\n\t\t\t\t\t\t\t<div class=\"elementor-background-overlay\"><\/div>\n\t\t\t\t\t\t\t<div class=\"elementor-container elementor-column-gap-default\">\n\t\t\t\t\t<div class=\"elementor-column elementor-col-50 elementor-top-column elementor-element elementor-element-bdde5bf\" data-id=\"bdde5bf\" data-element_type=\"column\" data-e-type=\"column\">\n\t\t\t<div class=\"elementor-widget-wrap elementor-element-populated\">\n\t\t\t\t\t\t<div class=\"elementor-element elementor-element-e4f95ab elementor-widget elementor-widget-heading\" data-id=\"e4f95ab\" data-element_type=\"widget\" data-e-type=\"widget\" data-widget_type=\"heading.default\">\n\t\t\t\t<div class=\"elementor-widget-container\">\n\t\t\t\t\t<h1 class=\"elementor-heading-title elementor-size-default\">Daycare<\/h1>\t\t\t\t<\/div>\n\t\t\t\t<\/div>\n\t\t\t\t<div class=\"elementor-element elementor-element-f9554b4 elementor-widget__width-initial elementor-absolute elementor-widget elementor-widget-image\" data-id=\"f9554b4\" data-element_type=\"widget\" data-e-type=\"widget\" data-settings=\"{&quot;_position&quot;:&quot;absolute&quot;}\" data-widget_type=\"image.default\">\n\t\t\t\t<div class=\"elementor-widget-container\">\n\t\t\t\t\t\t\t\t\t\t\t\t\t\t\t<img decoding=\"async\" width=\"158\" height=\"79\" src=\"https:\/\/maternelleeveil.com\/wp-content\/uploads\/2022\/04\/home-2-overly3.png\" class=\"attachment-large size-large wp-image-52\" alt=\"\" \/>\t\t\t\t\t\t\t\t\t\t\t\t\t\t\t<\/div>\n\t\t\t\t<\/div>\n\t\t\t\t<div class=\"elementor-element elementor-element-cb915da elementor-widget__width-initial elementor-absolute elementor-widget elementor-widget-image\" data-id=\"cb915da\" data-element_type=\"widget\" data-e-type=\"widget\" data-settings=\"{&quot;_position&quot;:&quot;absolute&quot;}\" data-widget_type=\"image.default\">\n\t\t\t\t<div class=\"elementor-widget-container\">\n\t\t\t\t\t\t\t\t\t\t\t\t\t\t\t<img decoding=\"async\" width=\"67\" height=\"144\" src=\"https:\/\/maternelleeveil.com\/wp-content\/uploads\/2022\/04\/bg-shape2.png\" class=\"attachment-large size-large wp-image-53\" alt=\"\" \/>\t\t\t\t\t\t\t\t\t\t\t\t\t\t\t<\/div>\n\t\t\t\t<\/div>\n\t\t\t\t\t<\/div>\n\t\t<\/div>\n\t\t\t\t<div class=\"elementor-column elementor-col-50 elementor-top-column elementor-element elementor-element-b4626f0 elementor-hidden-tablet elementor-hidden-phone\" data-id=\"b4626f0\" data-element_type=\"column\" data-e-type=\"column\">\n\t\t\t<div class=\"elementor-widget-wrap\">\n\t\t\t\t\t\t\t<\/div>\n\t\t<\/div>\n\t\t\t\t\t<\/div>\n\t\t<\/section>\n\t\t\t\t<section class=\"elementor-section elementor-top-section elementor-element elementor-element-6bdb6b8 elementor-section-boxed elementor-section-height-default elementor-section-height-default\" data-id=\"6bdb6b8\" data-element_type=\"section\" data-e-type=\"section\">\n\t\t\t\t\t\t<div class=\"elementor-container elementor-column-gap-default\">\n\t\t\t\t\t<div class=\"elementor-column elementor-col-100 elementor-top-column elementor-element elementor-element-dde435d\" data-id=\"dde435d\" data-element_type=\"column\" data-e-type=\"column\">\n\t\t\t<div class=\"elementor-widget-wrap elementor-element-populated\">\n\t\t\t\t\t\t<section class=\"elementor-section elementor-inner-section elementor-element elementor-element-9072664 elementor-section-boxed elementor-section-height-default elementor-section-height-default\" data-id=\"9072664\" data-element_type=\"section\" data-e-type=\"section\">\n\t\t\t\t\t\t<div class=\"elementor-container elementor-column-gap-default\">\n\t\t\t\t\t<div class=\"elementor-column elementor-col-100 elementor-inner-column elementor-element elementor-element-35ada6f\" data-id=\"35ada6f\" data-element_type=\"column\" data-e-type=\"column\" data-settings=\"{&quot;background_background&quot;:&quot;classic&quot;}\">\n\t\t\t<div class=\"elementor-widget-wrap elementor-element-populated\">\n\t\t\t\t\t\t<div class=\"elementor-element elementor-element-754ac1a elementor-widget elementor-widget-heading\" data-id=\"754ac1a\" data-element_type=\"widget\" data-e-type=\"widget\" data-widget_type=\"heading.default\">\n\t\t\t\t<div class=\"elementor-widget-container\">\n\t\t\t\t\t<h3 class=\"elementor-heading-title elementor-size-default\">Du Lundi au Vendredi :<\/h3>\t\t\t\t<\/div>\n\t\t\t\t<\/div>\n\t\t\t\t<div class=\"elementor-element elementor-element-0b28909 elementor-widget elementor-widget-price-list\" data-id=\"0b28909\" data-element_type=\"widget\" data-e-type=\"widget\" data-widget_type=\"price-list.default\">\n\t\t\t\t<div class=\"elementor-widget-container\">\n\t\t\t\t\t\n\t\t<ul class=\"elementor-price-list\">\n\n\t\t\t\t\t\t\t\t\t<li><a class=\"elementor-price-list-item\" href=\"https:\/\/maternelleeveil.com\/en\/inscription\/\">\t\t\t\t\n\t\t\t\t<div class=\"elementor-price-list-text\">\n\t\t\t\t\t\t\t\t\t<div class=\"elementor-price-list-header\">\n\t\t\t\t\t\t\t\t\t\t\t<span class=\"elementor-price-list-title\">\n\t\t\t\t\t\t\tKindergarten afternoon care \t\t\t\t\t\t<\/span>\n\t\t\t\t\t\t\t\t\t\t\t\t\t\t\t\t\t\t<span class=\"elementor-price-list-separator\"><\/span>\n\t\t\t\t\t\t\t\t\t\t\t\t\t\t\t\t\t\t\t<span class=\"elementor-price-list-price\">from 1:30 PM to 4:00 PM<\/span>\n\t\t\t\t\t\t\t\t\t\t<\/div>\n\t\t\t\t\t\t\t\t\t\t\t\t<\/div>\n\t\t\t\t<\/a><\/li>\t\t\t\t\t\n\t\t<\/ul>\n\n\t\t\t\t\t\t<\/div>\n\t\t\t\t<\/div>\n\t\t\t\t\t<\/div>\n\t\t<\/div>\n\t\t\t\t\t<\/div>\n\t\t<\/section>\n\t\t\t\t\t<\/div>\n\t\t<\/div>\n\t\t\t\t\t<\/div>\n\t\t<\/section>\n\t\t\t\t<section class=\"elementor-section elementor-top-section elementor-element elementor-element-eb354db elementor-section-boxed elementor-section-height-default elementor-section-height-default\" data-id=\"eb354db\" data-element_type=\"section\" data-e-type=\"section\">\n\t\t\t\t\t\t<div class=\"elementor-container elementor-column-gap-default\">\n\t\t\t\t\t<div class=\"elementor-column elementor-col-50 elementor-top-column elementor-element elementor-element-fe3ee36\" data-id=\"fe3ee36\" data-element_type=\"column\" data-e-type=\"column\">\n\t\t\t<div class=\"elementor-widget-wrap elementor-element-populated\">\n\t\t\t\t\t\t<div class=\"elementor-element elementor-element-2e2e5db elementor-widget elementor-widget-image\" data-id=\"2e2e5db\" data-element_type=\"widget\" data-e-type=\"widget\" data-widget_type=\"image.default\">\n\t\t\t\t<div class=\"elementor-widget-container\">\n\t\t\t\t\t\t\t\t\t\t\t\t\t\t\t<img fetchpriority=\"high\" decoding=\"async\" width=\"810\" height=\"412\" src=\"https:\/\/maternelleeveil.com\/wp-content\/uploads\/2022\/04\/slider-3.jpg\" class=\"attachment-full size-full wp-image-253\" alt=\"\" srcset=\"https:\/\/maternelleeveil.com\/wp-content\/uploads\/2022\/04\/slider-3.jpg 810w, https:\/\/maternelleeveil.com\/wp-content\/uploads\/2022\/04\/slider-3-300x153.jpg 300w, https:\/\/maternelleeveil.com\/wp-content\/uploads\/2022\/04\/slider-3-768x391.jpg 768w\" sizes=\"(max-width: 810px) 100vw, 810px\" \/>\t\t\t\t\t\t\t\t\t\t\t\t\t\t\t<\/div>\n\t\t\t\t<\/div>\n\t\t\t\t\t<\/div>\n\t\t<\/div>\n\t\t\t\t<div class=\"elementor-column elementor-col-50 elementor-top-column elementor-element elementor-element-8637b17\" data-id=\"8637b17\" data-element_type=\"column\" data-e-type=\"column\">\n\t\t\t<div class=\"elementor-widget-wrap elementor-element-populated\">\n\t\t\t\t\t\t<div class=\"elementor-element elementor-element-60e5fe6 elementor-widget elementor-widget-image\" data-id=\"60e5fe6\" data-element_type=\"widget\" data-e-type=\"widget\" data-widget_type=\"image.default\">\n\t\t\t\t<div class=\"elementor-widget-container\">\n\t\t\t\t\t\t\t\t\t\t\t\t\t\t\t<img loading=\"lazy\" decoding=\"async\" width=\"800\" height=\"500\" src=\"https:\/\/maternelleeveil.com\/wp-content\/uploads\/2022\/04\/slider-2-1024x640.jpg\" class=\"attachment-large size-large wp-image-185\" alt=\"\" srcset=\"https:\/\/maternelleeveil.com\/wp-content\/uploads\/2022\/04\/slider-2-1024x640.jpg 1024w, https:\/\/maternelleeveil.com\/wp-content\/uploads\/2022\/04\/slider-2-300x188.jpg 300w, https:\/\/maternelleeveil.com\/wp-content\/uploads\/2022\/04\/slider-2-768x480.jpg 768w, https:\/\/maternelleeveil.com\/wp-content\/uploads\/2022\/04\/slider-2.jpg 1280w\" sizes=\"(max-width: 800px) 100vw, 800px\" \/>\t\t\t\t\t\t\t\t\t\t\t\t\t\t\t<\/div>\n\t\t\t\t<\/div>\n\t\t\t\t\t<\/div>\n\t\t<\/div>\n\t\t\t\t\t<\/div>\n\t\t<\/section>\n\t\t\t\t<section class=\"elementor-section elementor-top-section elementor-element elementor-element-7e5fe78 elementor-section-boxed elementor-section-height-default elementor-section-height-default\" data-id=\"7e5fe78\" data-element_type=\"section\" data-e-type=\"section\">\n\t\t\t\t\t\t<div class=\"elementor-container elementor-column-gap-default\">\n\t\t\t\t\t<div class=\"elementor-column elementor-col-100 elementor-top-column elementor-element elementor-element-18d13c6\" data-id=\"18d13c6\" data-element_type=\"column\" data-e-type=\"column\">\n\t\t\t<div class=\"elementor-widget-wrap elementor-element-populated\">\n\t\t\t\t\t\t<div class=\"elementor-element elementor-element-ea47254 elementor-widget-mobile__width-initial elementor-widget elementor-widget-heading\" data-id=\"ea47254\" data-element_type=\"widget\" data-e-type=\"widget\" data-widget_type=\"heading.default\">\n\t\t\t\t<div class=\"elementor-widget-container\">\n\t\t\t\t\t<h3 class=\"elementor-heading-title elementor-size-large\">Are you looking for a Daycare for your child?<\/h3>\t\t\t\t<\/div>\n\t\t\t\t<\/div>\n\t\t\t\t<div class=\"elementor-element elementor-element-7115630 elementor-widget elementor-widget-heading\" data-id=\"7115630\" data-element_type=\"widget\" data-e-type=\"widget\" data-widget_type=\"heading.default\">\n\t\t\t\t<div class=\"elementor-widget-container\">\n\t\t\t\t\t<h2 class=\"elementor-heading-title elementor-size-default\"><a href=\"https:\/\/maternelleeveil.com\/en\/inscription\/\">Register at Eveil<\/a><\/h2>\t\t\t\t<\/div>\n\t\t\t\t<\/div>\n\t\t\t\t<div class=\"elementor-element elementor-element-be7a044 elementor-widget__width-initial elementor-absolute elementor-hidden-phone elementor-widget elementor-widget-image\" data-id=\"be7a044\" data-element_type=\"widget\" data-e-type=\"widget\" data-settings=\"{&quot;_position&quot;:&quot;absolute&quot;}\" data-widget_type=\"image.default\">\n\t\t\t\t<div class=\"elementor-widget-container\">\n\t\t\t\t\t\t\t\t\t\t\t\t\t\t\t<img loading=\"lazy\" decoding=\"async\" width=\"40\" height=\"40\" src=\"https:\/\/maternelleeveil.com\/wp-content\/uploads\/2022\/04\/dot-2.png\" class=\"attachment-large size-large wp-image-16\" alt=\"\" \/>\t\t\t\t\t\t\t\t\t\t\t\t\t\t\t<\/div>\n\t\t\t\t<\/div>\n\t\t\t\t<div class=\"elementor-element elementor-element-3e27f9e elementor-widget__width-initial elementor-absolute elementor-hidden-phone elementor-widget elementor-widget-image\" data-id=\"3e27f9e\" data-element_type=\"widget\" data-e-type=\"widget\" data-settings=\"{&quot;_position&quot;:&quot;absolute&quot;}\" data-widget_type=\"image.default\">\n\t\t\t\t<div class=\"elementor-widget-container\">\n\t\t\t\t\t\t\t\t\t\t\t\t\t\t\t<img loading=\"lazy\" decoding=\"async\" width=\"40\" height=\"40\" src=\"https:\/\/maternelleeveil.com\/wp-content\/uploads\/2022\/04\/dot.png\" class=\"attachment-large size-large wp-image-24\" alt=\"\" \/>\t\t\t\t\t\t\t\t\t\t\t\t\t\t\t<\/div>\n\t\t\t\t<\/div>\n\t\t\t\t<div class=\"elementor-element elementor-element-aa95565 elementor-widget__width-initial elementor-absolute elementor-hidden-phone elementor-widget elementor-widget-image\" data-id=\"aa95565\" data-element_type=\"widget\" data-e-type=\"widget\" data-settings=\"{&quot;_position&quot;:&quot;absolute&quot;}\" data-widget_type=\"image.default\">\n\t\t\t\t<div class=\"elementor-widget-container\">\n\t\t\t\t\t\t\t\t\t\t\t\t\t\t\t<img loading=\"lazy\" decoding=\"async\" width=\"158\" height=\"79\" src=\"https:\/\/maternelleeveil.com\/wp-content\/uploads\/2022\/04\/overly-1.png\" class=\"attachment-large size-large wp-image-17\" alt=\"\" \/>\t\t\t\t\t\t\t\t\t\t\t\t\t\t\t<\/div>\n\t\t\t\t<\/div>\n\t\t\t\t<div class=\"elementor-element elementor-element-fc9d6cd elementor-widget__width-initial elementor-absolute elementor-hidden-phone elementor-widget elementor-widget-image\" data-id=\"fc9d6cd\" data-element_type=\"widget\" data-e-type=\"widget\" data-settings=\"{&quot;_position&quot;:&quot;absolute&quot;}\" data-widget_type=\"image.default\">\n\t\t\t\t<div class=\"elementor-widget-container\">\n\t\t\t\t\t\t\t\t\t\t\t\t\t\t\t<img loading=\"lazy\" decoding=\"async\" width=\"145\" height=\"144\" src=\"https:\/\/maternelleeveil.com\/wp-content\/uploads\/2022\/04\/overly-2.png\" class=\"attachment-large size-large wp-image-25\" alt=\"\" \/>\t\t\t\t\t\t\t\t\t\t\t\t\t\t\t<\/div>\n\t\t\t\t<\/div>\n\t\t\t\t\t<\/div>\n\t\t<\/div>\n\t\t\t\t\t<\/div>\n\t\t<\/section>\n\t\t\t\t<\/div>","protected":false},"excerpt":{"rendered":"<p>Garderie Du Lundi au Vendredi : Garderie de l\u2019apr\u00e8s-midi pour la maternelle de 13H30 \u00e0 16H00 Vous \u00eates \u00e0 la recherche d\u2019une Garderie pour votre enfant ? S&rsquo;inscrire chez Eveil<\/p>","protected":false},"author":2,"featured_media":0,"parent":0,"menu_order":0,"comment_status":"closed","ping_status":"closed","template":"","meta":{"footnotes":""},"class_list":["post-1939","page","type-page","status-publish","hentry"],"yoast_head":"<!-- This site is optimized with the Yoast SEO plugin v27.3 - https:\/\/yoast.com\/product\/yoast-seo-wordpress\/ -->\n<title>Activit\u00e9s Extra-scolaires\u00a0et Garderie - Cr\u00e8che et maternelle \u00e9veil Ngaparou<\/title>\n<meta name=\"robots\" content=\"index, follow, max-snippet:-1, max-image-preview:large, max-video-preview:-1\" \/>\n<link rel=\"canonical\" href=\"https:\/\/maternelleeveil.com\/en\/activites-extra-scolaires\/\" \/>\n<meta property=\"og:locale\" content=\"en_US\" \/>\n<meta property=\"og:type\" content=\"article\" \/>\n<meta property=\"og:title\" content=\"Activit\u00e9s Extra-scolaires\u00a0et Garderie - Cr\u00e8che et maternelle \u00e9veil Ngaparou\" \/>\n<meta property=\"og:description\" content=\"Garderie Du Lundi au Vendredi : Garderie de l\u2019apr\u00e8s-midi pour la maternelle de 13H30 \u00e0 16H00 Vous \u00eates \u00e0 la recherche d\u2019une Garderie pour votre enfant ? S&rsquo;inscrire chez Eveil\" \/>\n<meta property=\"og:url\" content=\"https:\/\/maternelleeveil.com\/en\/activites-extra-scolaires\/\" \/>\n<meta property=\"og:site_name\" content=\"Cr\u00e8che et maternelle \u00e9veil Ngaparou\" \/>\n<meta property=\"article:publisher\" content=\"https:\/\/www.facebook.com\/maternelleEveil\/\" \/>\n<meta property=\"article:modified_time\" content=\"2026-03-14T19:04:10+00:00\" \/>\n<meta property=\"og:image\" content=\"https:\/\/maternelleeveil.com\/wp-content\/uploads\/2022\/04\/home-2-overly3.png\" \/>\n\t<meta property=\"og:image:width\" content=\"158\" \/>\n\t<meta property=\"og:image:height\" content=\"79\" \/>\n\t<meta property=\"og:image:type\" content=\"image\/png\" \/>\n<meta name=\"twitter:card\" content=\"summary_large_image\" \/>\n<meta name=\"twitter:label1\" content=\"Est. reading time\" \/>\n\t<meta name=\"twitter:data1\" content=\"2 minutes\" \/>\n<script type=\"application\/ld+json\" class=\"yoast-schema-graph\">{\"@context\":\"https:\\\/\\\/schema.org\",\"@graph\":[{\"@type\":\"WebPage\",\"@id\":\"https:\\\/\\\/maternelleeveil.com\\\/activites-extra-scolaires\\\/\",\"url\":\"https:\\\/\\\/maternelleeveil.com\\\/activites-extra-scolaires\\\/\",\"name\":\"Activit\u00e9s Extra-scolaires\u00a0et Garderie - Cr\u00e8che et maternelle \u00e9veil Ngaparou\",\"isPartOf\":{\"@id\":\"https:\\\/\\\/maternelleeveil.com\\\/#website\"},\"primaryImageOfPage\":{\"@id\":\"https:\\\/\\\/maternelleeveil.com\\\/activites-extra-scolaires\\\/#primaryimage\"},\"image\":{\"@id\":\"https:\\\/\\\/maternelleeveil.com\\\/activites-extra-scolaires\\\/#primaryimage\"},\"thumbnailUrl\":\"https:\\\/\\\/maternelleeveil.com\\\/wp-content\\\/uploads\\\/2022\\\/04\\\/home-2-overly3.png\",\"datePublished\":\"2022-09-09T15:05:19+00:00\",\"dateModified\":\"2026-03-14T19:04:10+00:00\",\"breadcrumb\":{\"@id\":\"https:\\\/\\\/maternelleeveil.com\\\/activites-extra-scolaires\\\/#breadcrumb\"},\"inLanguage\":\"en-US\",\"potentialAction\":[{\"@type\":\"ReadAction\",\"target\":[\"https:\\\/\\\/maternelleeveil.com\\\/activites-extra-scolaires\\\/\"]}]},{\"@type\":\"ImageObject\",\"inLanguage\":\"en-US\",\"@id\":\"https:\\\/\\\/maternelleeveil.com\\\/activites-extra-scolaires\\\/#primaryimage\",\"url\":\"https:\\\/\\\/maternelleeveil.com\\\/wp-content\\\/uploads\\\/2022\\\/04\\\/home-2-overly3.png\",\"contentUrl\":\"https:\\\/\\\/maternelleeveil.com\\\/wp-content\\\/uploads\\\/2022\\\/04\\\/home-2-overly3.png\"},{\"@type\":\"BreadcrumbList\",\"@id\":\"https:\\\/\\\/maternelleeveil.com\\\/activites-extra-scolaires\\\/#breadcrumb\",\"itemListElement\":[{\"@type\":\"ListItem\",\"position\":1,\"name\":\"Accueil\",\"item\":\"https:\\\/\\\/maternelleeveil.com\\\/\"},{\"@type\":\"ListItem\",\"position\":2,\"name\":\"Activit\u00e9s Extra-scolaires\u00a0et Garderie\"}]},{\"@type\":\"WebSite\",\"@id\":\"https:\\\/\\\/maternelleeveil.com\\\/#website\",\"url\":\"https:\\\/\\\/maternelleeveil.com\\\/\",\"name\":\"Cr\u00e8che et maternelle \u00e9veil Ngaparou\",\"description\":\"\u00c9tablissement priv\u00e9 Eveil Ngaparou\",\"publisher\":{\"@id\":\"https:\\\/\\\/maternelleeveil.com\\\/#organization\"},\"potentialAction\":[{\"@type\":\"SearchAction\",\"target\":{\"@type\":\"EntryPoint\",\"urlTemplate\":\"https:\\\/\\\/maternelleeveil.com\\\/?s={search_term_string}\"},\"query-input\":{\"@type\":\"PropertyValueSpecification\",\"valueRequired\":true,\"valueName\":\"search_term_string\"}}],\"inLanguage\":\"en-US\"},{\"@type\":\"Organization\",\"@id\":\"https:\\\/\\\/maternelleeveil.com\\\/#organization\",\"name\":\"Cr\u00e8che et maternelle Eveil\",\"url\":\"https:\\\/\\\/maternelleeveil.com\\\/\",\"logo\":{\"@type\":\"ImageObject\",\"inLanguage\":\"en-US\",\"@id\":\"https:\\\/\\\/maternelleeveil.com\\\/#\\\/schema\\\/logo\\\/image\\\/\",\"url\":\"https:\\\/\\\/maternelleeveil.com\\\/wp-content\\\/uploads\\\/2022\\\/04\\\/cropped-logo_eveil_wordpress-removebg-preview.png\",\"contentUrl\":\"https:\\\/\\\/maternelleeveil.com\\\/wp-content\\\/uploads\\\/2022\\\/04\\\/cropped-logo_eveil_wordpress-removebg-preview.png\",\"width\":512,\"height\":512,\"caption\":\"Cr\u00e8che et maternelle Eveil\"},\"image\":{\"@id\":\"https:\\\/\\\/maternelleeveil.com\\\/#\\\/schema\\\/logo\\\/image\\\/\"},\"sameAs\":[\"https:\\\/\\\/www.facebook.com\\\/maternelleEveil\\\/\"]}]}<\/script>\n<!-- \/ Yoast SEO plugin. -->","yoast_head_json":{"title":"Activit\u00e9s Extra-scolaires\u00a0et Garderie - Cr\u00e8che et maternelle \u00e9veil Ngaparou","robots":{"index":"index","follow":"follow","max-snippet":"max-snippet:-1","max-image-preview":"max-image-preview:large","max-video-preview":"max-video-preview:-1"},"canonical":"https:\/\/maternelleeveil.com\/en\/activites-extra-scolaires\/","og_locale":"en_US","og_type":"article","og_title":"Activit\u00e9s Extra-scolaires\u00a0et Garderie - Cr\u00e8che et maternelle \u00e9veil Ngaparou","og_description":"Garderie Du Lundi au Vendredi : Garderie de l\u2019apr\u00e8s-midi pour la maternelle de 13H30 \u00e0 16H00 Vous \u00eates \u00e0 la recherche d\u2019une Garderie pour votre enfant ? S&rsquo;inscrire chez Eveil","og_url":"https:\/\/maternelleeveil.com\/en\/activites-extra-scolaires\/","og_site_name":"Cr\u00e8che et maternelle \u00e9veil Ngaparou","article_publisher":"https:\/\/www.facebook.com\/maternelleEveil\/","article_modified_time":"2026-03-14T19:04:10+00:00","og_image":[{"width":158,"height":79,"url":"https:\/\/maternelleeveil.com\/wp-content\/uploads\/2022\/04\/home-2-overly3.png","type":"image\/png"}],"twitter_card":"summary_large_image","twitter_misc":{"Est. reading time":"2 minutes"},"schema":{"@context":"https:\/\/schema.org","@graph":[{"@type":"WebPage","@id":"https:\/\/maternelleeveil.com\/activites-extra-scolaires\/","url":"https:\/\/maternelleeveil.com\/activites-extra-scolaires\/","name":"Activit\u00e9s Extra-scolaires\u00a0et Garderie - Cr\u00e8che et maternelle \u00e9veil Ngaparou","isPartOf":{"@id":"https:\/\/maternelleeveil.com\/#website"},"primaryImageOfPage":{"@id":"https:\/\/maternelleeveil.com\/activites-extra-scolaires\/#primaryimage"},"image":{"@id":"https:\/\/maternelleeveil.com\/activites-extra-scolaires\/#primaryimage"},"thumbnailUrl":"https:\/\/maternelleeveil.com\/wp-content\/uploads\/2022\/04\/home-2-overly3.png","datePublished":"2022-09-09T15:05:19+00:00","dateModified":"2026-03-14T19:04:10+00:00","breadcrumb":{"@id":"https:\/\/maternelleeveil.com\/activites-extra-scolaires\/#breadcrumb"},"inLanguage":"en-US","potentialAction":[{"@type":"ReadAction","target":["https:\/\/maternelleeveil.com\/activites-extra-scolaires\/"]}]},{"@type":"ImageObject","inLanguage":"en-US","@id":"https:\/\/maternelleeveil.com\/activites-extra-scolaires\/#primaryimage","url":"https:\/\/maternelleeveil.com\/wp-content\/uploads\/2022\/04\/home-2-overly3.png","contentUrl":"https:\/\/maternelleeveil.com\/wp-content\/uploads\/2022\/04\/home-2-overly3.png"},{"@type":"BreadcrumbList","@id":"https:\/\/maternelleeveil.com\/activites-extra-scolaires\/#breadcrumb","itemListElement":[{"@type":"ListItem","position":1,"name":"Accueil","item":"https:\/\/maternelleeveil.com\/"},{"@type":"ListItem","position":2,"name":"Activit\u00e9s Extra-scolaires\u00a0et Garderie"}]},{"@type":"WebSite","@id":"https:\/\/maternelleeveil.com\/#website","url":"https:\/\/maternelleeveil.com\/","name":"Cr\u00e8che et maternelle \u00e9veil Ngaparou","description":"\u00c9tablissement priv\u00e9 Eveil Ngaparou","publisher":{"@id":"https:\/\/maternelleeveil.com\/#organization"},"potentialAction":[{"@type":"SearchAction","target":{"@type":"EntryPoint","urlTemplate":"https:\/\/maternelleeveil.com\/?s={search_term_string}"},"query-input":{"@type":"PropertyValueSpecification","valueRequired":true,"valueName":"search_term_string"}}],"inLanguage":"en-US"},{"@type":"Organization","@id":"https:\/\/maternelleeveil.com\/#organization","name":"Cr\u00e8che et maternelle Eveil","url":"https:\/\/maternelleeveil.com\/","logo":{"@type":"ImageObject","inLanguage":"en-US","@id":"https:\/\/maternelleeveil.com\/#\/schema\/logo\/image\/","url":"https:\/\/maternelleeveil.com\/wp-content\/uploads\/2022\/04\/cropped-logo_eveil_wordpress-removebg-preview.png","contentUrl":"https:\/\/maternelleeveil.com\/wp-content\/uploads\/2022\/04\/cropped-logo_eveil_wordpress-removebg-preview.png","width":512,"height":512,"caption":"Cr\u00e8che et maternelle Eveil"},"image":{"@id":"https:\/\/maternelleeveil.com\/#\/schema\/logo\/image\/"},"sameAs":["https:\/\/www.facebook.com\/maternelleEveil\/"]}]}},"_links":{"self":[{"href":"https:\/\/maternelleeveil.com\/en\/wp-json\/wp\/v2\/pages\/1939","targetHints":{"allow":["GET"]}}],"collection":[{"href":"https:\/\/maternelleeveil.com\/en\/wp-json\/wp\/v2\/pages"}],"about":[{"href":"https:\/\/maternelleeveil.com\/en\/wp-json\/wp\/v2\/types\/page"}],"author":[{"embeddable":true,"href":"https:\/\/maternelleeveil.com\/en\/wp-json\/wp\/v2\/users\/2"}],"replies":[{"embeddable":true,"href":"https:\/\/maternelleeveil.com\/en\/wp-json\/wp\/v2\/comments?post=1939"}],"version-history":[{"count":0,"href":"https:\/\/maternelleeveil.com\/en\/wp-json\/wp\/v2\/pages\/1939\/revisions"}],"wp:attachment":[{"href":"https:\/\/maternelleeveil.com\/en\/wp-json\/wp\/v2\/media?parent=1939"}],"curies":[{"name":"wp","href":"https:\/\/api.w.org\/{rel}","templated":true}]}}